{"id":63,"date":"2015-07-06T15:49:32","date_gmt":"2015-07-06T15:49:32","guid":{"rendered":"http:\/\/0.0.0.0\/?page_id=63"},"modified":"2017-05-23T10:40:01","modified_gmt":"2017-05-23T13:40:01","slug":"servicos","status":"publish","type":"page","link":"https:\/\/www.mpb.eng.br\/n\/servicos\/","title":{"rendered":"Servi\u00e7os"},"content":{"rendered":"<p>[et_pb_section admin_label=&#8221;section&#8221; fullwidth=&#8221;on&#8221; specialty=&#8221;off&#8221; background_image=&#8221;http:\/\/www.altran.be\/uploads\/tx_templavoila\/__pressmaster_-_Fotolia.com_Career_4d17ac.jpg&#8221; transparent_background=&#8221;off&#8221; background_color=&#8221;#10222b&#8221; allow_player_pause=&#8221;off&#8221; inner_shadow=&#8221;off&#8221; parallax=&#8221;on&#8221; parallax_method=&#8221;off&#8221; padding_mobile=&#8221;off&#8221; make_fullwidth=&#8221;off&#8221; use_custom_width=&#8221;off&#8221; width_unit=&#8221;on&#8221; make_equal=&#8221;off&#8221; use_custom_gutter=&#8221;off&#8221; gutter_width=&#8221;3&#8243;][et_pb_fullwidth_header admin_label=&#8221;Cabe\u00e7alho de Largura Completa&#8221; title=&#8221;\u00c1reas de Atua\u00e7\u00e3o&#8221; background_layout=&#8221;dark&#8221; text_orientation=&#8221;center&#8221; header_fullscreen=&#8221;off&#8221; header_scroll_down=&#8221;off&#8221; parallax=&#8221;on&#8221; parallax_method=&#8221;off&#8221; content_orientation=&#8221;center&#8221; image_orientation=&#8221;center&#8221; custom_button_one=&#8221;on&#8221; button_one_letter_spacing=&#8221;0&#8243; button_one_use_icon=&#8221;default&#8221; button_one_icon_placement=&#8221;right&#8221; button_one_on_hover=&#8221;on&#8221; button_one_letter_spacing_hover=&#8221;0&#8243; custom_button_two=&#8221;off&#8221; button_two_letter_spacing=&#8221;0&#8243; button_two_use_icon=&#8221;default&#8221; button_two_icon_placement=&#8221;right&#8221; button_two_on_hover=&#8221;on&#8221; button_two_letter_spacing_hover=&#8221;0&#8243; title_font_size=&#8221;35&#8243; saved_tabs=&#8221;all&#8221; subhead_font_size=&#8221;24px&#8221; title_font=&#8221;Raleway||||&#8221; button_one_text_size=&#8221;20&#8243; button_one_border_width=&#8221;1&#8243; button_one_border_radius=&#8221;3&#8243; button_one_border_radius_hover=&#8221;3&#8243; button_two_text_size=&#8221;20&#8243; button_two_border_width=&#8221;1&#8243; button_two_border_radius=&#8221;3&#8243; button_two_border_radius_hover=&#8221;3&#8243; scroll_down_icon=&#8221;%%1%%&#8221; background_url=&#8221;http:\/\/www.mpb.eng.br\/n\/wp-content\/uploads\/2015\/07\/servi\u00e7os_fotografia.jpg&#8221; background_overlay_color=&#8221;rgba(16,34,43,0.89)&#8221; button_one_text_color=&#8221;#0071bb&#8221; scroll_down_icon_color=&#8221;#0b71b9&#8243;] [\/et_pb_fullwidth_header][\/et_pb_section][et_pb_section admin_label=&#8221;Se\u00e7\u00e3o&#8221; fullwidth=&#8221;off&#8221; specialty=&#8221;off&#8221; background_image=&#8221;http:\/\/www.mpb.eng.br\/n\/wp-content\/uploads\/2015\/07\/servi\u00e7os_back-01.png&#8221; transparent_background=&#8221;off&#8221; allow_player_pause=&#8221;off&#8221; inner_shadow=&#8221;off&#8221; parallax=&#8221;on&#8221; parallax_method=&#8221;off&#8221; padding_mobile=&#8221;off&#8221; make_fullwidth=&#8221;off&#8221; use_custom_width=&#8221;off&#8221; width_unit=&#8221;on&#8221; make_equal=&#8221;off&#8221; use_custom_gutter=&#8221;off&#8221; gutter_width=&#8221;3&#8243;][et_pb_row admin_label=&#8221;Linha&#8221;][et_pb_column type=&#8221;4_4&#8243;][et_pb_text admin_label=&#8221;Texto&#8221; background_layout=&#8221;light&#8221; text_orientation=&#8221;left&#8221; use_border_color=&#8221;off&#8221; border_color=&#8221;#ffffff&#8221; border_style=&#8221;solid&#8221;]<\/p>\n<p>A MPB atua em todo territ\u00f3rio brasileiro nas \u00e1reas de consultoria em engenharia e gest\u00e3o ambiental, com atividades desenvolvidas nas seguintes especialidades: Saneamento, Recursos H\u00eddricos, Transporte, Energia, Empreendimentos Imobili\u00e1rios e Ind\u00fastrias. Acompanhe os detalhes dos servi\u00e7os oferecidos.<\/p>\n<p>[\/et_pb_text][\/et_pb_column][\/et_pb_row][et_pb_row admin_label=&#8221;Linha&#8221; make_fullwidth=&#8221;off&#8221; use_custom_width=&#8221;off&#8221; width_unit=&#8221;on&#8221; use_custom_gutter=&#8221;off&#8221; gutter_width=&#8221;3&#8243; padding_mobile=&#8221;off&#8221; allow_player_pause=&#8221;off&#8221; parallax=&#8221;off&#8221; parallax_method=&#8221;off&#8221; make_equal=&#8221;on&#8221; parallax_1=&#8221;off&#8221; parallax_method_1=&#8221;off&#8221; parallax_2=&#8221;off&#8221; parallax_method_2=&#8221;off&#8221; column_padding_mobile=&#8221;off&#8221;][et_pb_column type=&#8221;1_2&#8243;][et_pb_testimonial admin_label=&#8221;Saneamento&#8221; url_new_window=&#8221;on&#8221; portrait_url=&#8221;http:\/\/www.mpb.eng.br\/n\/wp-content\/uploads\/2015\/07\/\u00cdCONES_2016_-01.png&#8221; quote_icon=&#8221;off&#8221; use_background_color=&#8221;off&#8221; background_color=&#8221;#11232b&#8221; background_layout=&#8221;light&#8221; text_orientation=&#8221;left&#8221; portrait_border_radius=&#8221;90&#8243; portrait_width=&#8221;90&#8243; portrait_height=&#8221;90&#8243; body_font_size=&#8221;14&#8243; use_border_color=&#8221;off&#8221; border_color=&#8221;#ffffff&#8221; border_style=&#8221;solid&#8221; body_font=&#8221;Raleway||||&#8221;]<\/p>\n<p style=\"text-align: left;\"><strong>Saneamento<\/strong><\/p>\n<ul>\n<li><a href=\"http:\/\/www.mpb.eng.br\/n\/abastecimento-de-agua\/\">Abastecimento de \u00c1gua;<\/a><\/li>\n<li><a href=\"http:\/\/www.mpb.eng.br\/n\/esgotamento-sanitario\/\">Esgotamento Sanit\u00e1rio;<\/a><\/li>\n<li><a href=\"http:\/\/www.mpb.eng.br\/n\/drenagem\/\">Drenagem;<\/a><\/li>\n<li><a href=\"http:\/\/www.mpb.eng.br\/n\/residuos-solidos-2\/\">Res\u00edduos S\u00f3lidos;<\/a><\/li>\n<\/ul>\n<p>[\/et_pb_testimonial][et_pb_testimonial admin_label=&#8221;Energia&#8221; url_new_window=&#8221;on&#8221; portrait_url=&#8221;http:\/\/www.mpb.eng.br\/n\/wp-content\/uploads\/2015\/07\/\u00cdCONES_2016_-04.png&#8221; quote_icon=&#8221;off&#8221; use_background_color=&#8221;off&#8221; background_color=&#8221;#f5f5f5&#8243; background_layout=&#8221;light&#8221; text_orientation=&#8221;left&#8221; portrait_border_radius=&#8221;90&#8243; portrait_width=&#8221;90&#8243; portrait_height=&#8221;90&#8243; body_font_size=&#8221;14&#8243; use_border_color=&#8221;off&#8221; border_color=&#8221;#ffffff&#8221; border_style=&#8221;solid&#8221; body_font=&#8221;Raleway||||&#8221;]<\/p>\n<p style=\"text-align: left;\"><strong>Energia<\/strong><\/p>\n<ul>\n<li style=\"text-align: left;\"><a href=\"http:\/\/www.mpb.eng.br\/n\/pequena-central-hidreletrica-pch\/\">Pequena Central Hidrel\u00e9trica \u2013 PCH;<\/a><\/li>\n<li style=\"text-align: left;\"><a href=\"http:\/\/www.mpb.eng.br\/n\/linha-de-transmissao\/\">Linha de Transmiss\u00e3o<\/a>;<\/li>\n<\/ul>\n<p>[\/et_pb_testimonial][et_pb_testimonial admin_label=&#8221;Ind\u00fastria&#8221; url_new_window=&#8221;on&#8221; portrait_url=&#8221;http:\/\/www.mpb.eng.br\/n\/wp-content\/uploads\/2015\/07\/\u00cdCONES_2016_-03.png&#8221; quote_icon=&#8221;off&#8221; use_background_color=&#8221;off&#8221; background_color=&#8221;#f5f5f5&#8243; background_layout=&#8221;light&#8221; text_orientation=&#8221;left&#8221; portrait_border_radius=&#8221;90&#8243; portrait_width=&#8221;90&#8243; portrait_height=&#8221;90&#8243; body_font_size=&#8221;14&#8243; use_border_color=&#8221;off&#8221; border_color=&#8221;#ffffff&#8221; border_style=&#8221;solid&#8221; body_font=&#8221;Raleway||||&#8221;]<\/p>\n<p style=\"text-align: left;\"><strong>Ind\u00fastria<\/strong><\/p>\n<ul>\n<li style=\"text-align: left;\"><a href=\"http:\/\/www.mpb.eng.br\/n\/efluente-liquido\/\">Efluentes L\u00edquidos;<\/a><\/li>\n<li style=\"text-align: left;\"><a href=\"http:\/\/www.mpb.eng.br\/n\/efluentes-atmosfericos\/\">Efluentes Atmosf\u00e9ricos;<\/a><\/li>\n<li style=\"text-align: left;\"><a href=\"http:\/\/www.mpb.eng.br\/n\/residuos-solidos\/\">Res\u00edduos S\u00f3lidos.<\/a><\/li>\n<\/ul>\n<p>[\/et_pb_testimonial][\/et_pb_column][et_pb_column type=&#8221;1_2&#8243;][et_pb_testimonial admin_label=&#8221;Recursos H\u00eddricos&#8221; url_new_window=&#8221;on&#8221; portrait_url=&#8221;http:\/\/www.mpb.eng.br\/n\/wp-content\/uploads\/2015\/07\/\u00cdCONES_2016_-02.png&#8221; quote_icon=&#8221;off&#8221; use_background_color=&#8221;off&#8221; background_color=&#8221;#f5f5f5&#8243; background_layout=&#8221;light&#8221; text_orientation=&#8221;left&#8221; portrait_border_radius=&#8221;90&#8243; portrait_width=&#8221;90&#8243; portrait_height=&#8221;90&#8243; body_font_size=&#8221;14&#8243; use_border_color=&#8221;off&#8221; border_color=&#8221;#ffffff&#8221; border_style=&#8221;solid&#8221; body_font=&#8221;Raleway||||&#8221;]<\/p>\n<p style=\"text-align: left;\"><strong>Recursos H\u00eddricos<\/strong><\/p>\n<ul>\n<li style=\"text-align: left;\"><a href=\"http:\/\/www.mpb.eng.br\/n\/gestao-e-uso-dos-recursos-hidricos\/\">Gest\u00e3o e uso dos Recursos H\u00eddricos;<\/a><\/li>\n<li style=\"text-align: left;\"><a href=\"http:\/\/www.mpb.eng.br\/n\/avaliacao-de-recursos-hidricos\/\">Avalia\u00e7\u00e3o de Recursos H\u00eddricos;<\/a><\/li>\n<li style=\"text-align: left;\"><a href=\"http:\/\/www.mpb.eng.br\/n\/gestao-e-uso-dos-recursos-hidricos\/\">Bacia hidrogr\u00e1fica e sua gest\u00e3o;<\/a><\/li>\n<li style=\"text-align: left;\"><a href=\"http:\/\/www.mpb.eng.br\/n\/base-de-dados-sobre-recursos-hidricos\/\">Base de dados sobre Recursos H\u00eddricos<\/a>;<\/li>\n<li style=\"text-align: left;\"><a href=\"http:\/\/www.mpb.eng.br\/n\/monitoramento-de-recursos-hidricos\/\">Monitoramento de Recursos H\u00eddricos.<\/a><\/li>\n<\/ul>\n<p>[\/et_pb_testimonial][et_pb_testimonial admin_label=&#8221;Empreendimentos Imobili\u00e1rios&#8221; url_new_window=&#8221;on&#8221; portrait_url=&#8221;http:\/\/www.mpb.eng.br\/n\/wp-content\/uploads\/2015\/07\/\u00cdCONES_2016_-05.png&#8221; quote_icon=&#8221;off&#8221; use_background_color=&#8221;off&#8221; background_color=&#8221;#f5f5f5&#8243; background_layout=&#8221;light&#8221; text_orientation=&#8221;left&#8221; portrait_border_radius=&#8221;90&#8243; portrait_width=&#8221;90&#8243; portrait_height=&#8221;90&#8243; body_font_size=&#8221;14&#8243; use_border_color=&#8221;off&#8221; border_color=&#8221;#ffffff&#8221; border_style=&#8221;solid&#8221;]<\/p>\n<p style=\"text-align: left;\"><strong>Empreendimentos Imobili\u00e1rios<\/strong><\/p>\n<ul>\n<li style=\"text-align: left;\"><a href=\"http:\/\/www.mpb.eng.br\/n\/estudo-de-viabilidade\/\">Estudo de Viabilidade<\/a><\/li>\n<li style=\"text-align: left;\"><a href=\"http:\/\/www.mpb.eng.br\/n\/projetos-executivos-de-agua-e-esgotos\/\">Projetos Executivos de \u00c1gua e Esgotos.<\/a><\/li>\n<\/ul>\n<p>[\/et_pb_testimonial][et_pb_testimonial admin_label=&#8221;Transporte&#8221; url_new_window=&#8221;on&#8221; portrait_url=&#8221;http:\/\/www.mpb.eng.br\/n\/wp-content\/uploads\/2015\/07\/\u00cdCONES_2016_-06.png&#8221; quote_icon=&#8221;off&#8221; use_background_color=&#8221;off&#8221; background_color=&#8221;#f5f5f5&#8243; background_layout=&#8221;light&#8221; text_orientation=&#8221;left&#8221; portrait_border_radius=&#8221;90&#8243; portrait_width=&#8221;90&#8243; portrait_height=&#8221;90&#8243; body_font_size=&#8221;14&#8243; use_border_color=&#8221;off&#8221; border_color=&#8221;#ffffff&#8221; border_style=&#8221;solid&#8221; body_font=&#8221;Raleway||||&#8221;]<\/p>\n<p style=\"text-align: left;\"><strong>Transporte<\/strong><\/p>\n<ul>\n<li style=\"text-align: left;\"><a href=\"http:\/\/www.mpb.eng.br\/n\/portuario\/\">Portu\u00e1rio<\/a>;<\/li>\n<li style=\"text-align: left;\"><a href=\"http:\/\/www.mpb.eng.br\/n\/ferroviario\/\">Ferrovi\u00e1rio;<\/a><\/li>\n<li style=\"text-align: left;\"><a href=\"http:\/\/www.mpb.eng.br\/n\/rodoviario\/\">Rodovi\u00e1rio;<\/a><\/li>\n<li style=\"text-align: left;\"><a href=\"http:\/\/www.mpb.eng.br\/n\/aeroportuario\/\">Aeroportu\u00e1rio.<\/a><\/li>\n<\/ul>\n<p>[\/et_pb_testimonial][\/et_pb_column][\/et_pb_row][\/et_pb_section]<\/p>\n","protected":false},"excerpt":{"rendered":"<p>[et_pb_section admin_label=&#8221;section&#8221; fullwidth=&#8221;on&#8221; specialty=&#8221;off&#8221; background_image=&#8221;http:\/\/www.altran.be\/uploads\/tx_templavoila\/__pressmaster_-_Fotolia.com_Career_4d17ac.jpg&#8221; transparent_background=&#8221;off&#8221; background_color=&#8221;#10222b&#8221; allow_player_pause=&#8221;off&#8221; inner_shadow=&#8221;off&#8221; parallax=&#8221;on&#8221; parallax_method=&#8221;off&#8221; padding_mobile=&#8221;off&#8221; make_fullwidth=&#8221;off&#8221; use_custom_width=&#8221;off&#8221; width_unit=&#8221;on&#8221; make_equal=&#8221;off&#8221; use_custom_gutter=&#8221;off&#8221; gutter_width=&#8221;3&#8243;][et_pb_fullwidth_header admin_label=&#8221;Cabe\u00e7alho de Largura Completa&#8221; title=&#8221;\u00c1reas de Atua\u00e7\u00e3o&#8221; background_layout=&#8221;dark&#8221; text_orientation=&#8221;center&#8221; header_fullscreen=&#8221;off&#8221; header_scroll_down=&#8221;off&#8221; parallax=&#8221;on&#8221; parallax_method=&#8221;off&#8221; content_orientation=&#8221;center&#8221; image_orientation=&#8221;center&#8221; custom_button_one=&#8221;on&#8221; button_one_letter_spacing=&#8221;0&#8243; button_one_use_icon=&#8221;default&#8221; button_one_icon_placement=&#8221;right&#8221; button_one_on_hover=&#8221;on&#8221; button_one_letter_spacing_hover=&#8221;0&#8243; custom_button_two=&#8221;off&#8221; button_two_letter_spacing=&#8221;0&#8243; button_two_use_icon=&#8221;default&#8221; button_two_icon_placement=&#8221;right&#8221; button_two_on_hover=&#8221;on&#8221; button_two_letter_spacing_hover=&#8221;0&#8243; title_font_size=&#8221;35&#8243; saved_tabs=&#8221;all&#8221; subhead_font_size=&#8221;24px&#8221; title_font=&#8221;Raleway||||&#8221; button_one_text_size=&#8221;20&#8243; button_one_border_width=&#8221;1&#8243; button_one_border_radius=&#8221;3&#8243; button_one_border_radius_hover=&#8221;3&#8243; button_two_text_size=&#8221;20&#8243; button_two_border_width=&#8221;1&#8243; [&hellip;]<\/p>\n","protected":false},"author":1,"featured_media":0,"parent":0,"menu_order":0,"comment_status":"open","ping_status":"open","template":"","meta":{"_et_pb_use_builder":"on","_et_pb_old_content":"","footnotes":""},"class_list":["post-63","page","type-page","status-publish","hentry"],"_links":{"self":[{"href":"https:\/\/www.mpb.eng.br\/n\/wp-json\/wp\/v2\/pages\/63","targetHints":{"allow":["GET"]}}],"collection":[{"href":"https:\/\/www.mpb.eng.br\/n\/wp-json\/wp\/v2\/pages"}],"about":[{"href":"https:\/\/www.mpb.eng.br\/n\/wp-json\/wp\/v2\/types\/page"}],"author":[{"embeddable":true,"href":"https:\/\/www.mpb.eng.br\/n\/wp-json\/wp\/v2\/users\/1"}],"replies":[{"embeddable":true,"href":"https:\/\/www.mpb.eng.br\/n\/wp-json\/wp\/v2\/comments?post=63"}],"version-history":[{"count":235,"href":"https:\/\/www.mpb.eng.br\/n\/wp-json\/wp\/v2\/pages\/63\/revisions"}],"predecessor-version":[{"id":3079,"href":"https:\/\/www.mpb.eng.br\/n\/wp-json\/wp\/v2\/pages\/63\/revisions\/3079"}],"wp:attachment":[{"href":"https:\/\/www.mpb.eng.br\/n\/wp-json\/wp\/v2\/media?parent=63"}],"curies":[{"name":"wp","href":"https:\/\/api.w.org\/{rel}","templated":true}]}}