{"id":3281,"date":"2018-12-20T14:03:08","date_gmt":"2018-12-20T17:03:08","guid":{"rendered":"http:\/\/www.mpb.eng.br\/n\/?page_id=3281"},"modified":"2019-07-15T16:09:11","modified_gmt":"2019-07-15T19:09:11","slug":"compliance","status":"publish","type":"page","link":"https:\/\/www.mpb.eng.br\/n\/compliance\/","title":{"rendered":"COMPLIANCE"},"content":{"rendered":"<p>[et_pb_section admin_label=&#8221;Se\u00e7\u00e3o&#8221; fullwidth=&#8221;on&#8221; specialty=&#8221;off&#8221;][et_pb_fullwidth_header admin_label=&#8221;Cabe\u00e7alho de Largura Completa&#8221; title=&#8221;Compliace&#8221; background_layout=&#8221;dark&#8221; text_orientation=&#8221;center&#8221; header_fullscreen=&#8221;off&#8221; header_scroll_down=&#8221;off&#8221; parallax=&#8221;on&#8221; parallax_method=&#8221;off&#8221; content_orientation=&#8221;center&#8221; image_orientation=&#8221;center&#8221; title_font_color=&#8221;#ffffff&#8221; custom_button_one=&#8221;off&#8221; button_one_letter_spacing=&#8221;0&#8243; button_one_use_icon=&#8221;default&#8221; button_one_icon_placement=&#8221;right&#8221; button_one_on_hover=&#8221;on&#8221; button_one_letter_spacing_hover=&#8221;0&#8243; custom_button_two=&#8221;off&#8221; button_two_letter_spacing=&#8221;0&#8243; button_two_use_icon=&#8221;default&#8221; button_two_icon_placement=&#8221;right&#8221; button_two_on_hover=&#8221;on&#8221; button_two_letter_spacing_hover=&#8221;0&#8243; background_url=&#8221;http:\/\/www.mpb.eng.br\/n\/wp-content\/uploads\/2015\/07\/rodovia_pb.png&#8221; title_font_size=&#8221;32&#8243; saved_tabs=&#8221;all&#8221; scroll_down_icon=&#8221;%%1%%&#8221; background_overlay_color=&#8221;rgba(16,34,43,0.95)&#8221; title_font=&#8221;Raleway||||&#8221; scroll_down_icon_color=&#8221;#0b71b9&#8243;] [\/et_pb_fullwidth_header][\/et_pb_section][et_pb_section admin_label=&#8221;section&#8221; background_image=&#8221;http:\/\/www.mpb.eng.br\/n\/wp-content\/uploads\/2015\/07\/servi\u00e7os_back-01.png&#8221; transparent_background=&#8221;off&#8221; allow_player_pause=&#8221;off&#8221; inner_shadow=&#8221;off&#8221; parallax=&#8221;on&#8221; parallax_method=&#8221;off&#8221; padding_mobile=&#8221;off&#8221; make_fullwidth=&#8221;off&#8221; use_custom_width=&#8221;off&#8221; width_unit=&#8221;on&#8221; make_equal=&#8221;off&#8221; use_custom_gutter=&#8221;off&#8221; gutter_width=&#8221;3&#8243;][et_pb_row admin_label=&#8221;row&#8221;][et_pb_column type=&#8221;4_4&#8243;][et_pb_text admin_label=&#8221; O que significa compliance?&#8221; background_layout=&#8221;light&#8221; text_orientation=&#8221;left&#8221; use_border_color=&#8221;off&#8221; border_color=&#8221;#ffffff&#8221; border_style=&#8221;solid&#8221;]<\/p>\n<h1 class=\"entry-title\" style=\"text-align: left;\">O que significa\u00a0compliance?<\/h1>\n<p>[\/et_pb_text][et_pb_text admin_label=&#8221;Texto&#8221; background_layout=&#8221;light&#8221; text_orientation=&#8221;left&#8221; use_border_color=&#8221;off&#8221; border_color=&#8221;#ffffff&#8221; border_style=&#8221;solid&#8221; saved_tabs=&#8221;all&#8221;] O termo\u00a0compliance\u00a0tem origem no verbo em ingl\u00eas\u00a0<em>to\u00a0comply<\/em>, que significa agir de acordo com uma regra, uma instru\u00e7\u00e3o interna, um comando ou um pedido, ou seja, estar em \u201ccompliance\u201d \u00e9\u00a0estar em conformidade com leis e regulamentos externos e internos. [\/et_pb_text][et_pb_text admin_label=&#8221;C\u00f3digo de conduta e \u00e9tica&#8221; background_layout=&#8221;light&#8221; text_orientation=&#8221;left&#8221; use_border_color=&#8221;off&#8221; border_color=&#8221;#ffffff&#8221; border_style=&#8221;solid&#8221;]<\/p>\n<h1 class=\"entry-title\" style=\"text-align: left;\">C\u00f3digo de conduta e \u00e9tica<\/h1>\n<p>[\/et_pb_text][et_pb_text admin_label=&#8221;Texto&#8221; background_layout=&#8221;light&#8221; text_orientation=&#8221;left&#8221; use_border_color=&#8221;off&#8221; border_color=&#8221;#ffffff&#8221; border_style=&#8221;solid&#8221; saved_tabs=&#8221;all&#8221;]<\/p>\n<p>N\u00e3o interessa \u00e0 MPB ganhar vantagens mediante pr\u00e1ticas de corrup\u00e7\u00e3o, pois tais atitudes n\u00e3o se integram com a \u00e9tica com que abrangemos nossos neg\u00f3cios.<\/p>\n<p>A MPB \u00e9 contra qualquer tipo de estrat\u00e9gia que vise a limitar, falsear ou de qualquer forma prejudicar a livre concorr\u00eancia ou a livre iniciativa, ou ainda que vise a obter benef\u00edcios a partir do oferecimento de qualquer vantagem indevida a agente p\u00fablicoou privado.<\/p>\n<p><a href=\"http:\/\/www.mpb.eng.br\/n\/wp-content\/uploads\/2018\/12\/C\u00f3digo-de-Conduta-e-\u00c9tica-rev01.pdf\"><img loading=\"lazy\" decoding=\"async\" class=\"alignnone wp-image-3288\" src=\"http:\/\/www.mpb.eng.br\/n\/wp-content\/uploads\/2018\/12\/pdfs-512-150x150.png\" alt=\"\" width=\"30\" height=\"39\" srcset=\"https:\/\/www.mpb.eng.br\/n\/wp-content\/uploads\/2018\/12\/pdfs-512-230x300.png 230w, https:\/\/www.mpb.eng.br\/n\/wp-content\/uploads\/2018\/12\/pdfs-512.png 392w\" sizes=\"auto, (max-width: 30px) 100vw, 30px\" \/>Clique aqui para baixar o C\u00f3digo de Conduta e \u00c9tica da MPB Engenharia<\/a><\/p>\n<p>[\/et_pb_text][et_pb_text admin_label=&#8221;Pol\u00edtica de Compliace&#8221; background_layout=&#8221;light&#8221; text_orientation=&#8221;left&#8221; use_border_color=&#8221;off&#8221; border_color=&#8221;#ffffff&#8221; border_style=&#8221;solid&#8221;]<\/p>\n<h1 class=\"entry-title\" style=\"text-align: left;\">Pol\u00edtica de Compliace<\/h1>\n<p>[\/et_pb_text][et_pb_text admin_label=&#8221;Texto&#8221; background_layout=&#8221;light&#8221; text_orientation=&#8221;left&#8221; use_border_color=&#8221;off&#8221; border_color=&#8221;#ffffff&#8221; border_style=&#8221;solid&#8221;]<\/p>\n<p>A MPB Engenharia, por meio da sua Pol\u00edtica de Compliance, busca:<\/p>\n<p>\u2022 Proibir qualquer forma ou tipo de suborno<br \/>\n\u2022 Exigir compliance com as leis antissuborno, assim como com quaisquer requisitos legais, regulamentares ou contratuais, pertinentes \u00e0s suas atividades;<br \/>\n\u2022 Encorajar o levantamento de quest\u00f5es feitas de boa-f\u00e9 ou com base em uma razo\u00e1vel cren\u00e7a, sem medo de repres\u00e1lia;<br \/>\n\u2022 Explicar para cada pessoa, interna e externa \u00e0 organiza\u00e7\u00e3o, quais s\u00e3o as consequ\u00eancias de n\u00e3o estarem em compliance com leis e regulamentos e em n\u00e3o conformidade com os seus pr\u00f3prios requisitos, estabelecidos nas suas pol\u00edticas e procedimentos antissuborno;<br \/>\n\u2022 Assegurar um cont\u00ednuo e atualizado processo de conscientiza\u00e7\u00e3o e treinamento nas suas pol\u00edticas e procedimentos relativos ao antissuborno, enfatizando a obriga\u00e7\u00e3o e o comprometimento de cada um com o antissuborno.<\/p>\n<p>Esta Pol\u00edtica se aplica a todos colaboradores da MPB Engenharia, parceiros de neg\u00f3cio e outras partes envolvidas, direta ou indiretamente, com os nossos neg\u00f3cios.<\/p>\n<p>[\/et_pb_text][et_pb_text admin_label=&#8221;comit\u00ea de conduta e \u00e9tica&#8221; background_layout=&#8221;light&#8221; text_orientation=&#8221;left&#8221; use_border_color=&#8221;off&#8221; border_color=&#8221;#ffffff&#8221; border_style=&#8221;solid&#8221;]<\/p>\n<h1 class=\"entry-title\" style=\"text-align: left;\">Comit\u00ea de Conduta e \u00c9tica<\/h1>\n<p>[\/et_pb_text][et_pb_text admin_label=&#8221;Texto&#8221; background_layout=&#8221;light&#8221; text_orientation=&#8221;left&#8221; use_border_color=&#8221;off&#8221; border_color=&#8221;#ffffff&#8221; border_style=&#8221;solid&#8221; saved_tabs=&#8221;all&#8221;] <img loading=\"lazy\" decoding=\"async\" class=\"wp-image-3282 size-full aligncenter\" src=\"http:\/\/www.mpb.eng.br\/n\/wp-content\/uploads\/2018\/12\/comit\u00ea-de-conduta-e-\u00e9tica.png\" alt=\"\" width=\"472\" height=\"363\" srcset=\"https:\/\/www.mpb.eng.br\/n\/wp-content\/uploads\/2018\/12\/comit\u00ea-de-conduta-e-\u00e9tica.png 472w, https:\/\/www.mpb.eng.br\/n\/wp-content\/uploads\/2018\/12\/comit\u00ea-de-conduta-e-\u00e9tica-300x231.png 300w\" sizes=\"auto, (max-width: 472px) 100vw, 472px\" \/> [\/et_pb_text][et_pb_text admin_label=&#8221;Ouvidoria&#8221; background_layout=&#8221;light&#8221; text_orientation=&#8221;left&#8221; use_border_color=&#8221;off&#8221; border_color=&#8221;#ffffff&#8221; border_style=&#8221;solid&#8221;]<\/p>\n<h1 class=\"entry-title\" style=\"text-align: left;\">Ouvidoria<\/h1>\n<p>[\/et_pb_text][et_pb_text admin_label=&#8221;Texto&#8221; background_layout=&#8221;light&#8221; text_orientation=&#8221;left&#8221; use_border_color=&#8221;off&#8221; border_color=&#8221;#ffffff&#8221; border_style=&#8221;solid&#8221; saved_tabs=&#8221;all&#8221;]<\/p>\n<div>\n<p>Par\u200ba analisar e resolver quest\u00f5es relacionadas ao C\u00f3digo de Conduta, a MPB Engenharia mant\u00e9m o Canal de Ouvidoria que pode ser acessado por qualquer pessoa. Imparcial e transparente, a Ouvidoria garante a confidencialidade das informa\u00e7\u00f5es, preservando a identidade das pessoas envolvidas e colaborando para promo\u200bver a transpar\u00eancia.<\/p>\n<\/div>\n<p>[\/et_pb_text][et_pb_text admin_label=&#8221;Texto&#8221; background_layout=&#8221;light&#8221; text_orientation=&#8221;left&#8221; use_border_color=&#8221;off&#8221; border_color=&#8221;#ffffff&#8221; border_style=&#8221;solid&#8221; saved_tabs=&#8221;all&#8221;]<\/p>\n<div>\n<p>&nbsp;<\/p>\n<\/div>\n<div role=\"form\" class=\"wpcf7\" id=\"wpcf7-f2947-o1\" lang=\"pt-BR\" dir=\"ltr\">\n<div class=\"screen-reader-response\"><\/div>\n<form action=\"\/n\/wp-json\/wp\/v2\/pages\/3281#wpcf7-f2947-o1\" method=\"post\" class=\"wpcf7-form\" enctype=\"multipart\/form-data\" novalidate=\"novalidate\">\n<div style=\"display: none;\">\n<input type=\"hidden\" name=\"_wpcf7\" value=\"2947\" \/>\n<input type=\"hidden\" name=\"_wpcf7_version\" value=\"4.4.2\" \/>\n<input type=\"hidden\" name=\"_wpcf7_locale\" value=\"pt_BR\" \/>\n<input type=\"hidden\" name=\"_wpcf7_unit_tag\" value=\"wpcf7-f2947-o1\" \/>\n<input type=\"hidden\" name=\"_wpnonce\" value=\"9aefdce92e\" \/>\n<\/div>\n<p>Seu nome (obrigat\u00f3rio)<br \/>\n    <span class=\"wpcf7-form-control-wrap your-name\"><input type=\"text\" name=\"your-name\" value=\"\" size=\"40\" class=\"wpcf7-form-control wpcf7-text wpcf7-validates-as-required\" aria-required=\"true\" aria-invalid=\"false\" \/><\/span> <\/p>\n<p>Seu e-mail (obrigat\u00f3rio)<br \/>\n    <span class=\"wpcf7-form-control-wrap your-email\"><input type=\"email\" name=\"your-email\" value=\"\" size=\"40\" class=\"wpcf7-form-control wpcf7-text wpcf7-email wpcf7-validates-as-required wpcf7-validates-as-email\" aria-required=\"true\" aria-invalid=\"false\" \/><\/span> <\/p>\n<p>Assunto<br \/>\n    <span class=\"wpcf7-form-control-wrap your-subject\"><input type=\"text\" name=\"your-subject\" value=\"\" size=\"40\" class=\"wpcf7-form-control wpcf7-text\" aria-invalid=\"false\" \/><\/span> <\/p>\n<p>Anexo<br \/>\n<span class=\"wpcf7-form-control-wrap Anexo\"><input type=\"file\" name=\"Anexo\" size=\"40\" class=\"wpcf7-form-control wpcf7-file\" aria-invalid=\"false\" \/><\/span><\/p>\n<p>Sua mensagem<br \/>\n    <span class=\"wpcf7-form-control-wrap your-message\"><textarea name=\"your-message\" cols=\"40\" rows=\"10\" class=\"wpcf7-form-control wpcf7-textarea\" aria-invalid=\"false\"><\/textarea><\/span> <\/p>\n<div class=\"wpcf7-form-control-wrap\"><div data-sitekey=\"6LfzepEUAAAAAHsIic0FwnEYG-MK8yIjwqCQaRpQ\" class=\"wpcf7-form-control g-recaptcha wpcf7-recaptcha\"><\/div>\n<noscript>\n\t<div style=\"width: 302px; height: 422px;\">\n\t\t<div style=\"width: 302px; height: 422px; position: relative;\">\n\t\t\t<div style=\"width: 302px; height: 422px; position: absolute;\">\n\t\t\t\t<iframe src=\"https:\/\/www.google.com\/recaptcha\/api\/fallback?k=6LfzepEUAAAAAHsIic0FwnEYG-MK8yIjwqCQaRpQ\" frameborder=\"0\" scrolling=\"no\" style=\"width: 302px; height:422px; border-style: none;\">\n\t\t\t\t<\/iframe>\n\t\t\t<\/div>\n\t\t\t<div style=\"width: 300px; height: 60px; border-style: none; bottom: 12px; left: 25px; margin: 0px; padding: 0px; right: 25px; background: #f9f9f9; border: 1px solid #c1c1c1; border-radius: 3px;\">\n\t\t\t\t<textarea id=\"g-recaptcha-response\" name=\"g-recaptcha-response\" class=\"g-recaptcha-response\" style=\"width: 250px; height: 40px; border: 1px solid #c1c1c1; margin: 10px 25px; padding: 0px; resize: none;\">\n\t\t\t\t<\/textarea>\n\t\t\t<\/div>\n\t\t<\/div>\n\t<\/div>\n<\/noscript>\n<\/div>\n<p><input type=\"submit\" value=\"Enviar\" class=\"wpcf7-form-control wpcf7-submit\" \/><\/p>\n<div class=\"wpcf7-response-output wpcf7-display-none\"><\/div><\/form><\/div>\n<p>[\/et_pb_text][\/et_pb_column][\/et_pb_row][\/et_pb_section]<\/p>\n","protected":false},"excerpt":{"rendered":"<p>[et_pb_section admin_label=&#8221;Se\u00e7\u00e3o&#8221; fullwidth=&#8221;on&#8221; specialty=&#8221;off&#8221;][et_pb_fullwidth_header admin_label=&#8221;Cabe\u00e7alho de Largura Completa&#8221; title=&#8221;Compliace&#8221; background_layout=&#8221;dark&#8221; text_orientation=&#8221;center&#8221; header_fullscreen=&#8221;off&#8221; header_scroll_down=&#8221;off&#8221; parallax=&#8221;on&#8221; parallax_method=&#8221;off&#8221; content_orientation=&#8221;center&#8221; image_orientation=&#8221;center&#8221; title_font_color=&#8221;#ffffff&#8221; custom_button_one=&#8221;off&#8221; button_one_letter_spacing=&#8221;0&#8243; button_one_use_icon=&#8221;default&#8221; button_one_icon_placement=&#8221;right&#8221; button_one_on_hover=&#8221;on&#8221; button_one_letter_spacing_hover=&#8221;0&#8243; custom_button_two=&#8221;off&#8221; button_two_letter_spacing=&#8221;0&#8243; button_two_use_icon=&#8221;default&#8221; button_two_icon_placement=&#8221;right&#8221; button_two_on_hover=&#8221;on&#8221; button_two_letter_spacing_hover=&#8221;0&#8243; background_url=&#8221;http:\/\/www.mpb.eng.br\/n\/wp-content\/uploads\/2015\/07\/rodovia_pb.png&#8221; title_font_size=&#8221;32&#8243; saved_tabs=&#8221;all&#8221; scroll_down_icon=&#8221;%%1%%&#8221; background_overlay_color=&#8221;rgba(16,34,43,0.95)&#8221; title_font=&#8221;Raleway||||&#8221; scroll_down_icon_color=&#8221;#0b71b9&#8243;] [\/et_pb_fullwidth_header][\/et_pb_section][et_pb_section admin_label=&#8221;section&#8221; background_image=&#8221;http:\/\/www.mpb.eng.br\/n\/wp-content\/uploads\/2015\/07\/servi\u00e7os_back-01.png&#8221; transparent_background=&#8221;off&#8221; allow_player_pause=&#8221;off&#8221; inner_shadow=&#8221;off&#8221; parallax=&#8221;on&#8221; parallax_method=&#8221;off&#8221; padding_mobile=&#8221;off&#8221; make_fullwidth=&#8221;off&#8221; use_custom_width=&#8221;off&#8221; width_unit=&#8221;on&#8221; make_equal=&#8221;off&#8221; use_custom_gutter=&#8221;off&#8221; gutter_width=&#8221;3&#8243;][et_pb_row admin_label=&#8221;row&#8221;][et_pb_column type=&#8221;4_4&#8243;][et_pb_text admin_label=&#8221; [&hellip;]<\/p>\n","protected":false},"author":1,"featured_media":0,"parent":0,"menu_order":0,"comment_status":"closed","ping_status":"closed","template":"","meta":{"_et_pb_use_builder":"on","_et_pb_old_content":"","footnotes":""},"class_list":["post-3281","page","type-page","status-publish","hentry"],"_links":{"self":[{"href":"https:\/\/www.mpb.eng.br\/n\/wp-json\/wp\/v2\/pages\/3281","targetHints":{"allow":["GET"]}}],"collection":[{"href":"https:\/\/www.mpb.eng.br\/n\/wp-json\/wp\/v2\/pages"}],"about":[{"href":"https:\/\/www.mpb.eng.br\/n\/wp-json\/wp\/v2\/types\/page"}],"author":[{"embeddable":true,"href":"https:\/\/www.mpb.eng.br\/n\/wp-json\/wp\/v2\/users\/1"}],"replies":[{"embeddable":true,"href":"https:\/\/www.mpb.eng.br\/n\/wp-json\/wp\/v2\/comments?post=3281"}],"version-history":[{"count":17,"href":"https:\/\/www.mpb.eng.br\/n\/wp-json\/wp\/v2\/pages\/3281\/revisions"}],"predecessor-version":[{"id":3316,"href":"https:\/\/www.mpb.eng.br\/n\/wp-json\/wp\/v2\/pages\/3281\/revisions\/3316"}],"wp:attachment":[{"href":"https:\/\/www.mpb.eng.br\/n\/wp-json\/wp\/v2\/media?parent=3281"}],"curies":[{"name":"wp","href":"https:\/\/api.w.org\/{rel}","templated":true}]}}