{"id":2743,"date":"2016-03-28T11:15:54","date_gmt":"2016-03-28T14:15:54","guid":{"rendered":"http:\/\/www.mpb.eng.br\/n\/?page_id=2743"},"modified":"2017-05-17T17:49:18","modified_gmt":"2017-05-17T20:49:18","slug":"tecnologia","status":"publish","type":"page","link":"http:\/\/www.mpb.eng.br\/n\/tecnologia\/","title":{"rendered":"Tecnologia"},"content":{"rendered":"<p>[et_pb_section admin_label=&#8221;section&#8221; fullwidth=&#8221;on&#8221; specialty=&#8221;off&#8221; background_image=&#8221;http:\/\/www.mpb.eng.br\/n\/wp-content\/uploads\/2015\/07\/home_fotografia.jpg&#8221; transparent_background=&#8221;off&#8221; allow_player_pause=&#8221;off&#8221; inner_shadow=&#8221;off&#8221; parallax=&#8221;off&#8221; parallax_method=&#8221;off&#8221; padding_mobile=&#8221;off&#8221; make_fullwidth=&#8221;off&#8221; use_custom_width=&#8221;off&#8221; width_unit=&#8221;on&#8221; make_equal=&#8221;off&#8221; use_custom_gutter=&#8221;off&#8221; gutter_width=&#8221;3&#8243;][et_pb_fullwidth_header admin_label=&#8221;Cabe\u00e7alho de Largura Completa&#8221; title=&#8221;Tecnologia&#8221; background_layout=&#8221;dark&#8221; text_orientation=&#8221;center&#8221; header_fullscreen=&#8221;off&#8221; header_scroll_down=&#8221;off&#8221; parallax=&#8221;on&#8221; parallax_method=&#8221;off&#8221; content_orientation=&#8221;center&#8221; image_orientation=&#8221;center&#8221; title_font_color=&#8221;#ffffff&#8221; custom_button_one=&#8221;off&#8221; button_one_letter_spacing=&#8221;0&#8243; button_one_use_icon=&#8221;default&#8221; button_one_icon_placement=&#8221;right&#8221; button_one_on_hover=&#8221;on&#8221; button_one_letter_spacing_hover=&#8221;0&#8243; custom_button_two=&#8221;off&#8221; button_two_letter_spacing=&#8221;0&#8243; button_two_use_icon=&#8221;default&#8221; button_two_icon_placement=&#8221;right&#8221; button_two_on_hover=&#8221;on&#8221; button_two_letter_spacing_hover=&#8221;0&#8243; background_url=&#8221;http:\/\/www.mpb.eng.br\/n\/wp-content\/uploads\/2015\/07\/rodovia_pb.png&#8221; title_font_size=&#8221;32&#8243; saved_tabs=&#8221;all&#8221; scroll_down_icon=&#8221;%%1%%&#8221; background_overlay_color=&#8221;rgba(16,34,43,0.95)&#8221; title_font=&#8221;Raleway||||&#8221; button_one_text_size=&#8221;20&#8243; button_one_border_width=&#8221;1&#8243; button_one_border_radius=&#8221;3&#8243; button_one_border_radius_hover=&#8221;3&#8243; button_two_text_size=&#8221;20&#8243; button_two_border_width=&#8221;1&#8243; button_two_border_radius=&#8221;3&#8243; button_two_border_radius_hover=&#8221;3&#8243; scroll_down_icon_color=&#8221;#0b71b9&#8243;] [\/et_pb_fullwidth_header][\/et_pb_section][et_pb_section admin_label=&#8221;section&#8221;][et_pb_row admin_label=&#8221;row&#8221;][et_pb_column type=&#8221;1_2&#8243;][et_pb_text admin_label=&#8221;Texto&#8221; background_layout=&#8221;light&#8221; text_orientation=&#8221;left&#8221; use_border_color=&#8221;off&#8221; border_color=&#8221;#ffffff&#8221; border_style=&#8221;solid&#8221;]<\/p>\n<h1 style=\"text-align: right;\"><strong>PORTAL SIG<\/strong><\/h1>\n<p>\u00c9 uma ferramenta de gest\u00e3o que prov\u00ea mecanismos de visualiza\u00e7\u00e3o e consulta de informa\u00e7\u00f5es via internet, facilitando a tomada de decis\u00f5es e planejamento estrat\u00e9gico de projetos de engenharia, estudos ambientais, supervis\u00e3o e gest\u00e3o ambiental de obras e de empreendimentos.<\/p>\n<p>Os projetos desenvolvidos nos escrit\u00f3rios da empresa, s\u00e3o disponibilizados pelo sistema, para serem visualizados sobre a base cartogr\u00e1fica ou imagem de sat\u00e9lite georreferenciada, permitindo ao cliente e a todas as equipes envolvidas, o acompanhamento do desenvolvimento dos trabalhos. Todo o acesso ao sistema \u00e9 controlado por n\u00edvel de usu\u00e1rio, login e senha, garantido maior seguran\u00e7a controle sobre o acesso \u00e0s informa\u00e7\u00f5es disponibilizadas.<\/p>\n<p>[\/et_pb_text][\/et_pb_column][et_pb_column type=&#8221;1_2&#8243;][et_pb_image admin_label=&#8221;Imagem&#8221; src=&#8221;http:\/\/www.mpb.eng.br\/n\/wp-content\/uploads\/2016\/03\/portal-sig.png&#8221; show_in_lightbox=&#8221;off&#8221; url_new_window=&#8221;off&#8221; use_overlay=&#8221;off&#8221; animation=&#8221;left&#8221; sticky=&#8221;off&#8221; align=&#8221;left&#8221; force_fullwidth=&#8221;off&#8221; always_center_on_mobile=&#8221;on&#8221; use_border_color=&#8221;off&#8221; border_color=&#8221;#ffffff&#8221; border_style=&#8221;solid&#8221;] [\/et_pb_image][\/et_pb_column][\/et_pb_row][et_pb_row admin_label=&#8221;row&#8221;][et_pb_column type=&#8221;1_2&#8243;][et_pb_image admin_label=&#8221;Imagem&#8221; src=&#8221;http:\/\/www.mpb.eng.br\/n\/wp-content\/uploads\/2016\/03\/portal-mpb.png&#8221; show_in_lightbox=&#8221;off&#8221; url_new_window=&#8221;off&#8221; use_overlay=&#8221;off&#8221; animation=&#8221;left&#8221; sticky=&#8221;off&#8221; align=&#8221;left&#8221; force_fullwidth=&#8221;off&#8221; always_center_on_mobile=&#8221;on&#8221; use_border_color=&#8221;off&#8221; border_color=&#8221;#ffffff&#8221; border_style=&#8221;solid&#8221;] [\/et_pb_image][\/et_pb_column][et_pb_column type=&#8221;1_2&#8243;][et_pb_text admin_label=&#8221;Texto&#8221; background_layout=&#8221;light&#8221; text_orientation=&#8221;left&#8221; use_border_color=&#8221;off&#8221; border_color=&#8221;#ffffff&#8221; border_style=&#8221;solid&#8221;]<\/p>\n<h1 style=\"text-align: left;\"><strong>PORTAL\u00a0MPB<\/strong><\/h1>\n<p>\u00c9 um servi\u00e7o que tem como finalidade principal criar instrumentos de controle e monitoramento do armazenamento e tr\u00e1fego de documentos dos projetos, por interm\u00e9dio da implanta\u00e7\u00e3o de t\u00e9cnicas e metodologias de organiza\u00e7\u00e3o e gerenciamento de arquivos. Os projetos podem ser realizados tanto nas depend\u00eancias de Arquivar ou do Cliente.<\/p>\n<p>[\/et_pb_text][\/et_pb_column][\/et_pb_row][et_pb_row admin_label=&#8221;row&#8221;][et_pb_column type=&#8221;1_2&#8243;][et_pb_text admin_label=&#8221;Texto&#8221; background_layout=&#8221;light&#8221; text_orientation=&#8221;left&#8221; use_border_color=&#8221;off&#8221; border_color=&#8221;#ffffff&#8221; border_style=&#8221;solid&#8221;]<\/p>\n<h1 style=\"text-align: right;\"><strong>SGA<\/strong><\/h1>\n<p>O Sistema de Gest\u00e3o Ambiental surge como uma evolu\u00e7\u00e3o do conceito de Gest\u00e3o Ambiental, pois ele vai al\u00e9m de uma postura reativa, englobando uma vis\u00e3o estrat\u00e9gica em rela\u00e7\u00e3o ao meio ambiente. Passando a agir n\u00e3o s\u00f3 em fun\u00e7\u00e3o dos riscos, mas tamb\u00e9m percebendo as oportunidades de mercado com essas atitudes.<\/p>\n<p>[\/et_pb_text][\/et_pb_column][et_pb_column type=&#8221;1_2&#8243;][et_pb_image admin_label=&#8221;Imagem&#8221; src=&#8221;http:\/\/www.mpb.eng.br\/n\/wp-content\/uploads\/2016\/03\/portal-sga.png&#8221; show_in_lightbox=&#8221;off&#8221; url_new_window=&#8221;off&#8221; use_overlay=&#8221;off&#8221; animation=&#8221;left&#8221; sticky=&#8221;off&#8221; align=&#8221;left&#8221; force_fullwidth=&#8221;off&#8221; always_center_on_mobile=&#8221;on&#8221; use_border_color=&#8221;off&#8221; border_color=&#8221;#ffffff&#8221; border_style=&#8221;solid&#8221;] [\/et_pb_image][\/et_pb_column][\/et_pb_row][\/et_pb_section]<\/p>\n","protected":false},"excerpt":{"rendered":"<p>[et_pb_section admin_label=&#8221;section&#8221; fullwidth=&#8221;on&#8221; specialty=&#8221;off&#8221; background_image=&#8221;http:\/\/www.mpb.eng.br\/n\/wp-content\/uploads\/2015\/07\/home_fotografia.jpg&#8221; transparent_background=&#8221;off&#8221; allow_player_pause=&#8221;off&#8221; inner_shadow=&#8221;off&#8221; parallax=&#8221;off&#8221; parallax_method=&#8221;off&#8221; padding_mobile=&#8221;off&#8221; make_fullwidth=&#8221;off&#8221; use_custom_width=&#8221;off&#8221; width_unit=&#8221;on&#8221; make_equal=&#8221;off&#8221; use_custom_gutter=&#8221;off&#8221; gutter_width=&#8221;3&#8243;][et_pb_fullwidth_header admin_label=&#8221;Cabe\u00e7alho de Largura Completa&#8221; title=&#8221;Tecnologia&#8221; background_layout=&#8221;dark&#8221; text_orientation=&#8221;center&#8221; header_fullscreen=&#8221;off&#8221; header_scroll_down=&#8221;off&#8221; parallax=&#8221;on&#8221; parallax_method=&#8221;off&#8221; content_orientation=&#8221;center&#8221; image_orientation=&#8221;center&#8221; title_font_color=&#8221;#ffffff&#8221; custom_button_one=&#8221;off&#8221; button_one_letter_spacing=&#8221;0&#8243; button_one_use_icon=&#8221;default&#8221; button_one_icon_placement=&#8221;right&#8221; button_one_on_hover=&#8221;on&#8221; button_one_letter_spacing_hover=&#8221;0&#8243; custom_button_two=&#8221;off&#8221; button_two_letter_spacing=&#8221;0&#8243; button_two_use_icon=&#8221;default&#8221; button_two_icon_placement=&#8221;right&#8221; button_two_on_hover=&#8221;on&#8221; button_two_letter_spacing_hover=&#8221;0&#8243; background_url=&#8221;http:\/\/www.mpb.eng.br\/n\/wp-content\/uploads\/2015\/07\/rodovia_pb.png&#8221; title_font_size=&#8221;32&#8243; saved_tabs=&#8221;all&#8221; scroll_down_icon=&#8221;%%1%%&#8221; background_overlay_color=&#8221;rgba(16,34,43,0.95)&#8221; title_font=&#8221;Raleway||||&#8221; button_one_text_size=&#8221;20&#8243; button_one_border_width=&#8221;1&#8243; button_one_border_radius=&#8221;3&#8243; button_one_border_radius_hover=&#8221;3&#8243; button_two_text_size=&#8221;20&#8243; button_two_border_width=&#8221;1&#8243; [&hellip;]<\/p>\n","protected":false},"author":1,"featured_media":0,"parent":0,"menu_order":0,"comment_status":"open","ping_status":"open","template":"","meta":{"_et_pb_use_builder":"on","_et_pb_old_content":"","footnotes":""},"class_list":["post-2743","page","type-page","status-publish","hentry"],"_links":{"self":[{"href":"http:\/\/www.mpb.eng.br\/n\/wp-json\/wp\/v2\/pages\/2743","targetHints":{"allow":["GET"]}}],"collection":[{"href":"http:\/\/www.mpb.eng.br\/n\/wp-json\/wp\/v2\/pages"}],"about":[{"href":"http:\/\/www.mpb.eng.br\/n\/wp-json\/wp\/v2\/types\/page"}],"author":[{"embeddable":true,"href":"http:\/\/www.mpb.eng.br\/n\/wp-json\/wp\/v2\/users\/1"}],"replies":[{"embeddable":true,"href":"http:\/\/www.mpb.eng.br\/n\/wp-json\/wp\/v2\/comments?post=2743"}],"version-history":[{"count":25,"href":"http:\/\/www.mpb.eng.br\/n\/wp-json\/wp\/v2\/pages\/2743\/revisions"}],"predecessor-version":[{"id":3068,"href":"http:\/\/www.mpb.eng.br\/n\/wp-json\/wp\/v2\/pages\/2743\/revisions\/3068"}],"wp:attachment":[{"href":"http:\/\/www.mpb.eng.br\/n\/wp-json\/wp\/v2\/media?parent=2743"}],"curies":[{"name":"wp","href":"https:\/\/api.w.org\/{rel}","templated":true}]}}